{"id":256,"date":"2024-08-01T13:02:01","date_gmt":"2024-08-01T11:02:01","guid":{"rendered":"https:\/\/feministes.minesparis.psl.eu\/?page_id=256"},"modified":"2024-08-01T13:05:26","modified_gmt":"2024-08-01T11:05:26","slug":"pistes-damelioration-du-dispositif-de-lutte-contre-les-vss-a-mines-paris-psl","status":"publish","type":"page","link":"https:\/\/feministes.minesparis.psl.eu\/index.php\/vss\/pistes-damelioration-du-dispositif-de-lutte-contre-les-vss-a-mines-paris-psl\/","title":{"rendered":"Pistes d&rsquo;am\u00e9lioration du dispositif de lutte contre les VSS \u00e0 Mines Paris \u2013 PSL"},"content":{"rendered":"\n<p>Les t\u00e9moignages des r\u00e9pondant\u00b7e\u00b7s \u00e0 l&rsquo;enqu\u00eate sur les VSS, dont le rapport sera bient\u00f4t rendu public, montrent une <strong>am\u00e9lioration de la prise en charge des victimes et des initiatives de sensibilisation<\/strong>, du c\u00f4t\u00e9 de la direction de \u00e9tudes comme du c\u00f4t\u00e9 de F\u00e9MINistes. Il reste cependant \u00e9videmment une marge d\u2019am\u00e9lioration.<\/p>\n\n\n\n<p><strong>24.2% des r\u00e9pondant\u00b7e\u00b7s ont dit avoir d\u00e9couvert certains types de VSS ou r\u00e9alis\u00e9 que certains comportements \u00e9taient des VSS gr\u00e2ce \u00e0 cette enqu\u00eate<\/strong>. Par ailleurs, certains t\u00e9moignages en r\u00e9ponse libre montraient une confusion de certains types de VSS par certain\u00b7e\u00b7s r\u00e9pondant\u00b7e\u00b7s, malgr\u00e9 le rappel des d\u00e9finitions au d\u00e9but de chaque section. Il convient donc d\u2019<strong>intensifier la communication <\/strong>afin de continuer \u00e0 \u00e9duquer les \u00e9l\u00e8ves sur le sujet. Cela passe entre autres par la r\u00e9alisation de cette enqu\u00eate de mani\u00e8re annuelle et par la communication par F\u00e9MINistes. Pour cette raison, l\u2019association met notamment en place une <strong>campagne d\u2019affichage<\/strong>\u00a0autour du consentement pour la rentr\u00e9e 2024.<\/p>\n\n\n\n<p>Concernant les <strong>modules de pr\u00e9vention<\/strong>\u00a0mis en place en d\u00e9but d\u2019ann\u00e9e scolaire, le p\u00f4le VSS a pr\u00e9vu de faire des retours \u00e0 l\u2019association en charge avant l\u2019int\u00e9gration de la nouvelle promotion afin qu\u2019ils soient adapt\u00e9s le plus possible au contexte et aux \u00e9l\u00e8ves de l\u2019\u00e9cole. Par ailleurs, ces modules ne sont pas propos\u00e9s \u00e0 tous les \u00e9l\u00e8ves \u00e0 leur arriv\u00e9e \u00e0 l\u2019\u00e9cole (c\u2019est notamment le cas des \u00e9l\u00e8ves en cycle ISUP), ce que regrettent beaucoup d\u2019entre eux\u00b7elles.<\/p>\n\n\n\n<p>Par ailleurs, les <strong>dispositifs<\/strong>\u00a0de lutte contre les VSS semblent assez peu connus des \u00e9l\u00e8ves de Masters Sp\u00e9cialis\u00e9s et des doctorants. Il convient donc de <strong>les faire mieux connaitre<\/strong>\u00a0de ces \u00e9tudiant\u00b7e\u00b7s. De mani\u00e8re g\u00e9n\u00e9rale, l\u2019association F\u00e9MINistes souhaite que toutes les ressources, internes et externes \u00e0 Mines Paris \u2013 PSL, soient plus facilement accessibles aux \u00e9l\u00e8ves et s\u2019engage \u00e0 les mettre en avant sur son site (en cours de cr\u00e9ation).<\/p>\n\n\n\n<p>Les formations re\u00e7ues en fin d\u2019ann\u00e9e scolaire avaient pour but de continuer \u00e0 nourrir cette r\u00e9flexion et de permettre au p\u00f4le de r\u00e9diger des protocoles de surveillance plus complets.<\/p>\n\n\n\n<figure class=\"wp-block-pullquote\"><blockquote><p>Le p\u00f4le VSS cherche aussi \u00e0 continuellement am\u00e9liorer la <strong>surveillance lors des soir\u00e9es<\/strong>.<\/p><\/blockquote><\/figure>\n\n\n\n<p>Enfin, Mines Paris &#8211; PSL \u00e9tant organisatrice de l\u2019\u00e9dition 2025 du <strong>Cartel<\/strong>, une grande attention sera port\u00e9e \u00e0 la pr\u00e9vention et \u00e0 la gestion des violences sexistes et sexuelles. Plusieurs membres de l\u2019association organisatrice du Cartel ont particip\u00e9 aux formations qui se sont tenues en cette fin d\u2019ann\u00e9e scolaire et le p\u00f4le de F\u00e9MINistes participe activement \u00e0 la gestion des VSS dans le cadre de l\u2019\u00e9v\u00e9nement.<\/p>\n","protected":false},"excerpt":{"rendered":"<p>Les t\u00e9moignages des r\u00e9pondant\u00b7e\u00b7s \u00e0 l&rsquo;enqu\u00eate sur les VSS, dont le rapport sera bient\u00f4t rendu public, montrent une am\u00e9lioration de la prise en charge des victimes et des initiatives de sensibilisation, du c\u00f4t\u00e9 de la direction de \u00e9tudes comme du c\u00f4t\u00e9 de F\u00e9MINistes. Il reste cependant \u00e9videmment une marge d\u2019am\u00e9lioration. 24.2% des r\u00e9pondant\u00b7e\u00b7s ont dit [&hellip;]<\/p>\n","protected":false},"author":2,"featured_media":0,"parent":249,"menu_order":0,"comment_status":"closed","ping_status":"closed","template":"","meta":{"ngg_post_thumbnail":0,"footnotes":""},"class_list":["post-256","page","type-page","status-publish","hentry"],"yoast_head":"<!-- This site is optimized with the Yoast SEO plugin v24.6 - https:\/\/yoast.com\/wordpress\/plugins\/seo\/ -->\n<title>Pistes d&#039;am\u00e9lioration du dispositif de lutte contre les VSS \u00e0 Mines Paris \u2013 PSL - F\u00e9MINistes!<\/title>\n<meta name=\"robots\" content=\"index, follow, max-snippet:-1, max-image-preview:large, max-video-preview:-1\" \/>\n<link rel=\"canonical\" href=\"https:\/\/feministes.minesparis.psl.eu\/index.php\/vss\/pistes-damelioration-du-dispositif-de-lutte-contre-les-vss-a-mines-paris-psl\/\" \/>\n<meta property=\"og:locale\" content=\"fr_FR\" \/>\n<meta property=\"og:type\" content=\"article\" \/>\n<meta property=\"og:title\" content=\"Pistes d&#039;am\u00e9lioration du dispositif de lutte contre les VSS \u00e0 Mines Paris \u2013 PSL - F\u00e9MINistes!\" \/>\n<meta property=\"og:description\" content=\"Les t\u00e9moignages des r\u00e9pondant\u00b7e\u00b7s \u00e0 l&rsquo;enqu\u00eate sur les VSS, dont le rapport sera bient\u00f4t rendu public, montrent une am\u00e9lioration de la prise en charge des victimes et des initiatives de sensibilisation, du c\u00f4t\u00e9 de la direction de \u00e9tudes comme du c\u00f4t\u00e9 de F\u00e9MINistes. Il reste cependant \u00e9videmment une marge d\u2019am\u00e9lioration. 24.2% des r\u00e9pondant\u00b7e\u00b7s ont dit [&hellip;]\" \/>\n<meta property=\"og:url\" content=\"https:\/\/feministes.minesparis.psl.eu\/index.php\/vss\/pistes-damelioration-du-dispositif-de-lutte-contre-les-vss-a-mines-paris-psl\/\" \/>\n<meta property=\"og:site_name\" content=\"F\u00e9MINistes!\" \/>\n<meta property=\"article:modified_time\" content=\"2024-08-01T11:05:26+00:00\" \/>\n<meta name=\"twitter:card\" content=\"summary_large_image\" \/>\n<meta name=\"twitter:label1\" content=\"Dur\u00e9e de lecture estim\u00e9e\" \/>\n\t<meta name=\"twitter:data1\" content=\"3 minutes\" \/>\n<script type=\"application\/ld+json\" class=\"yoast-schema-graph\">{\"@context\":\"https:\/\/schema.org\",\"@graph\":[{\"@type\":\"WebPage\",\"@id\":\"https:\/\/feministes.minesparis.psl.eu\/index.php\/vss\/pistes-damelioration-du-dispositif-de-lutte-contre-les-vss-a-mines-paris-psl\/\",\"url\":\"https:\/\/feministes.minesparis.psl.eu\/index.php\/vss\/pistes-damelioration-du-dispositif-de-lutte-contre-les-vss-a-mines-paris-psl\/\",\"name\":\"Pistes d'am\u00e9lioration du dispositif de lutte contre les VSS \u00e0 Mines Paris \u2013 PSL - F\u00e9MINistes!\",\"isPartOf\":{\"@id\":\"https:\/\/feministes.minesparis.psl.eu\/#website\"},\"datePublished\":\"2024-08-01T11:02:01+00:00\",\"dateModified\":\"2024-08-01T11:05:26+00:00\",\"breadcrumb\":{\"@id\":\"https:\/\/feministes.minesparis.psl.eu\/index.php\/vss\/pistes-damelioration-du-dispositif-de-lutte-contre-les-vss-a-mines-paris-psl\/#breadcrumb\"},\"inLanguage\":\"fr-FR\",\"potentialAction\":[{\"@type\":\"ReadAction\",\"target\":[\"https:\/\/feministes.minesparis.psl.eu\/index.php\/vss\/pistes-damelioration-du-dispositif-de-lutte-contre-les-vss-a-mines-paris-psl\/\"]}]},{\"@type\":\"BreadcrumbList\",\"@id\":\"https:\/\/feministes.minesparis.psl.eu\/index.php\/vss\/pistes-damelioration-du-dispositif-de-lutte-contre-les-vss-a-mines-paris-psl\/#breadcrumb\",\"itemListElement\":[{\"@type\":\"ListItem\",\"position\":1,\"name\":\"Accueil\",\"item\":\"https:\/\/feministes.minesparis.psl.eu\/\"},{\"@type\":\"ListItem\",\"position\":2,\"name\":\"VSS\",\"item\":\"https:\/\/feministes.minesparis.psl.eu\/index.php\/vss\/\"},{\"@type\":\"ListItem\",\"position\":3,\"name\":\"Pistes d&rsquo;am\u00e9lioration du dispositif de lutte contre les VSS \u00e0 Mines Paris \u2013 PSL\"}]},{\"@type\":\"WebSite\",\"@id\":\"https:\/\/feministes.minesparis.psl.eu\/#website\",\"url\":\"https:\/\/feministes.minesparis.psl.eu\/\",\"name\":\"F\u00e9ministes !\",\"description\":\"L&#039;association f\u00e9ministe de Mines Paris - PSL\",\"publisher\":{\"@id\":\"https:\/\/feministes.minesparis.psl.eu\/#organization\"},\"potentialAction\":[{\"@type\":\"SearchAction\",\"target\":{\"@type\":\"EntryPoint\",\"urlTemplate\":\"https:\/\/feministes.minesparis.psl.eu\/?s={search_term_string}\"},\"query-input\":{\"@type\":\"PropertyValueSpecification\",\"valueRequired\":true,\"valueName\":\"search_term_string\"}}],\"inLanguage\":\"fr-FR\"},{\"@type\":\"Organization\",\"@id\":\"https:\/\/feministes.minesparis.psl.eu\/#organization\",\"name\":\"F\u00e9ministes !\",\"url\":\"https:\/\/feministes.minesparis.psl.eu\/\",\"logo\":{\"@type\":\"ImageObject\",\"inLanguage\":\"fr-FR\",\"@id\":\"https:\/\/feministes.minesparis.psl.eu\/#\/schema\/logo\/image\/\",\"url\":\"https:\/\/feministes.minesparis.psl.eu\/wp-content\/uploads\/2024\/06\/cropped-compresse-2.jpg\",\"contentUrl\":\"https:\/\/feministes.minesparis.psl.eu\/wp-content\/uploads\/2024\/06\/cropped-compresse-2.jpg\",\"width\":249,\"height\":250,\"caption\":\"F\u00e9ministes !\"},\"image\":{\"@id\":\"https:\/\/feministes.minesparis.psl.eu\/#\/schema\/logo\/image\/\"},\"sameAs\":[\"https:\/\/www.instagram.com\/feministes.minesparis\/\"]}]}<\/script>\n<!-- \/ Yoast SEO plugin. -->","yoast_head_json":{"title":"Pistes d'am\u00e9lioration du dispositif de lutte contre les VSS \u00e0 Mines Paris \u2013 PSL - F\u00e9MINistes!","robots":{"index":"index","follow":"follow","max-snippet":"max-snippet:-1","max-image-preview":"max-image-preview:large","max-video-preview":"max-video-preview:-1"},"canonical":"https:\/\/feministes.minesparis.psl.eu\/index.php\/vss\/pistes-damelioration-du-dispositif-de-lutte-contre-les-vss-a-mines-paris-psl\/","og_locale":"fr_FR","og_type":"article","og_title":"Pistes d'am\u00e9lioration du dispositif de lutte contre les VSS \u00e0 Mines Paris \u2013 PSL - F\u00e9MINistes!","og_description":"Les t\u00e9moignages des r\u00e9pondant\u00b7e\u00b7s \u00e0 l&rsquo;enqu\u00eate sur les VSS, dont le rapport sera bient\u00f4t rendu public, montrent une am\u00e9lioration de la prise en charge des victimes et des initiatives de sensibilisation, du c\u00f4t\u00e9 de la direction de \u00e9tudes comme du c\u00f4t\u00e9 de F\u00e9MINistes. Il reste cependant \u00e9videmment une marge d\u2019am\u00e9lioration. 24.2% des r\u00e9pondant\u00b7e\u00b7s ont dit [&hellip;]","og_url":"https:\/\/feministes.minesparis.psl.eu\/index.php\/vss\/pistes-damelioration-du-dispositif-de-lutte-contre-les-vss-a-mines-paris-psl\/","og_site_name":"F\u00e9MINistes!","article_modified_time":"2024-08-01T11:05:26+00:00","twitter_card":"summary_large_image","twitter_misc":{"Dur\u00e9e de lecture estim\u00e9e":"3 minutes"},"schema":{"@context":"https:\/\/schema.org","@graph":[{"@type":"WebPage","@id":"https:\/\/feministes.minesparis.psl.eu\/index.php\/vss\/pistes-damelioration-du-dispositif-de-lutte-contre-les-vss-a-mines-paris-psl\/","url":"https:\/\/feministes.minesparis.psl.eu\/index.php\/vss\/pistes-damelioration-du-dispositif-de-lutte-contre-les-vss-a-mines-paris-psl\/","name":"Pistes d'am\u00e9lioration du dispositif de lutte contre les VSS \u00e0 Mines Paris \u2013 PSL - F\u00e9MINistes!","isPartOf":{"@id":"https:\/\/feministes.minesparis.psl.eu\/#website"},"datePublished":"2024-08-01T11:02:01+00:00","dateModified":"2024-08-01T11:05:26+00:00","breadcrumb":{"@id":"https:\/\/feministes.minesparis.psl.eu\/index.php\/vss\/pistes-damelioration-du-dispositif-de-lutte-contre-les-vss-a-mines-paris-psl\/#breadcrumb"},"inLanguage":"fr-FR","potentialAction":[{"@type":"ReadAction","target":["https:\/\/feministes.minesparis.psl.eu\/index.php\/vss\/pistes-damelioration-du-dispositif-de-lutte-contre-les-vss-a-mines-paris-psl\/"]}]},{"@type":"BreadcrumbList","@id":"https:\/\/feministes.minesparis.psl.eu\/index.php\/vss\/pistes-damelioration-du-dispositif-de-lutte-contre-les-vss-a-mines-paris-psl\/#breadcrumb","itemListElement":[{"@type":"ListItem","position":1,"name":"Accueil","item":"https:\/\/feministes.minesparis.psl.eu\/"},{"@type":"ListItem","position":2,"name":"VSS","item":"https:\/\/feministes.minesparis.psl.eu\/index.php\/vss\/"},{"@type":"ListItem","position":3,"name":"Pistes d&rsquo;am\u00e9lioration du dispositif de lutte contre les VSS \u00e0 Mines Paris \u2013 PSL"}]},{"@type":"WebSite","@id":"https:\/\/feministes.minesparis.psl.eu\/#website","url":"https:\/\/feministes.minesparis.psl.eu\/","name":"F\u00e9ministes !","description":"L&#039;association f\u00e9ministe de Mines Paris - PSL","publisher":{"@id":"https:\/\/feministes.minesparis.psl.eu\/#organization"},"potentialAction":[{"@type":"SearchAction","target":{"@type":"EntryPoint","urlTemplate":"https:\/\/feministes.minesparis.psl.eu\/?s={search_term_string}"},"query-input":{"@type":"PropertyValueSpecification","valueRequired":true,"valueName":"search_term_string"}}],"inLanguage":"fr-FR"},{"@type":"Organization","@id":"https:\/\/feministes.minesparis.psl.eu\/#organization","name":"F\u00e9ministes !","url":"https:\/\/feministes.minesparis.psl.eu\/","logo":{"@type":"ImageObject","inLanguage":"fr-FR","@id":"https:\/\/feministes.minesparis.psl.eu\/#\/schema\/logo\/image\/","url":"https:\/\/feministes.minesparis.psl.eu\/wp-content\/uploads\/2024\/06\/cropped-compresse-2.jpg","contentUrl":"https:\/\/feministes.minesparis.psl.eu\/wp-content\/uploads\/2024\/06\/cropped-compresse-2.jpg","width":249,"height":250,"caption":"F\u00e9ministes !"},"image":{"@id":"https:\/\/feministes.minesparis.psl.eu\/#\/schema\/logo\/image\/"},"sameAs":["https:\/\/www.instagram.com\/feministes.minesparis\/"]}]}},"_links":{"self":[{"href":"https:\/\/feministes.minesparis.psl.eu\/index.php\/wp-json\/wp\/v2\/pages\/256","targetHints":{"allow":["GET"]}}],"collection":[{"href":"https:\/\/feministes.minesparis.psl.eu\/index.php\/wp-json\/wp\/v2\/pages"}],"about":[{"href":"https:\/\/feministes.minesparis.psl.eu\/index.php\/wp-json\/wp\/v2\/types\/page"}],"author":[{"embeddable":true,"href":"https:\/\/feministes.minesparis.psl.eu\/index.php\/wp-json\/wp\/v2\/users\/2"}],"replies":[{"embeddable":true,"href":"https:\/\/feministes.minesparis.psl.eu\/index.php\/wp-json\/wp\/v2\/comments?post=256"}],"version-history":[{"count":2,"href":"https:\/\/feministes.minesparis.psl.eu\/index.php\/wp-json\/wp\/v2\/pages\/256\/revisions"}],"predecessor-version":[{"id":258,"href":"https:\/\/feministes.minesparis.psl.eu\/index.php\/wp-json\/wp\/v2\/pages\/256\/revisions\/258"}],"up":[{"embeddable":true,"href":"https:\/\/feministes.minesparis.psl.eu\/index.php\/wp-json\/wp\/v2\/pages\/249"}],"wp:attachment":[{"href":"https:\/\/feministes.minesparis.psl.eu\/index.php\/wp-json\/wp\/v2\/media?parent=256"}],"curies":[{"name":"wp","href":"https:\/\/api.w.org\/{rel}","templated":true}]}}