{"id":152,"date":"2024-07-23T10:16:19","date_gmt":"2024-07-23T08:16:19","guid":{"rendered":"https:\/\/feministes.minesparis.psl.eu\/?page_id=152"},"modified":"2024-09-01T09:17:08","modified_gmt":"2024-09-01T07:17:08","slug":"semaine-feministes","status":"publish","type":"page","link":"https:\/\/feministes.minesparis.psl.eu\/index.php\/les-grands-projets\/semaine-feministes\/","title":{"rendered":"Semaine f\u00e9ministe"},"content":{"rendered":"\n<h2 class=\"wp-block-heading\">\u00c9changes avec L\u00e9ane Alestra (17 juin)<\/h2>\n\n\n\n<p>F\u00e9ministe, autrice de l\u2019essai \u00ab&nbsp;Les Hommes h\u00e9t\u00e9ros le sont-ils vraiment&nbsp;?&nbsp;\u00bb, cr\u00e9atrice du m\u00e9dia et podcast&nbsp;M\u00e9cr\u00e9antes et journaliste pour Manifesto XXI, c&rsquo;est une femme engag\u00e9e et sp\u00e9cialiste des questions de genre et des masculinit\u00e9s.<\/p>\n\n\n\n<p>En partenariat avec PIM, l&rsquo;association Queer de l&rsquo;\u00e9cole, F\u00e9ministes ! a propos\u00e9  aux \u00e9tudiant\u00b7e\u00b7s de la rencontrer, de lui poser des questions et de travailler leurs m\u00e9ninges sur la question de la construction sociale du genre&nbsp;: comment le genre s\u2019impose \u00e0 nous et fa\u00e7onne notre identit\u00e9, quels sont les liens entre ces injonctions sociales et la mani\u00e8re dont on vit notre sexualit\u00e9 et nos attirances.<\/p>\n\n\n\n<figure class=\"wp-block-image size-large\"><img loading=\"lazy\" decoding=\"async\" width=\"1024\" height=\"768\" src=\"https:\/\/feministes.minesparis.psl.eu\/wp-content\/uploads\/2024\/07\/20240617_184329-1024x768.jpg\" alt=\"\" class=\"wp-image-213\" srcset=\"https:\/\/feministes.minesparis.psl.eu\/wp-content\/uploads\/2024\/07\/20240617_184329-1024x768.jpg 1024w, https:\/\/feministes.minesparis.psl.eu\/wp-content\/uploads\/2024\/07\/20240617_184329-300x225.jpg 300w, https:\/\/feministes.minesparis.psl.eu\/wp-content\/uploads\/2024\/07\/20240617_184329-768x576.jpg 768w, https:\/\/feministes.minesparis.psl.eu\/wp-content\/uploads\/2024\/07\/20240617_184329-1536x1152.jpg 1536w, https:\/\/feministes.minesparis.psl.eu\/wp-content\/uploads\/2024\/07\/20240617_184329-2048x1536.jpg 2048w\" sizes=\"auto, (max-width: 1024px) 100vw, 1024px\" \/><figcaption class=\"wp-element-caption\">Photo : Timon Mesgouez<\/figcaption><\/figure>\n\n\n\n<div data-wp-interactive=\"core\/file\" class=\"wp-block-file\"><object data-wp-bind--hidden=\"!state.hasPdfPreview\" hidden class=\"wp-block-file__embed\" data=\"https:\/\/feministes.minesparis.psl.eu\/wp-content\/uploads\/2024\/07\/Retour-sur-la-rencontre-avec-Leane-Alestra.pdf\" type=\"application\/pdf\" style=\"width:100%;height:420px\" aria-label=\"Contenu embarqu\u00e9 Article paru dans le journal \u00e9tudiant de l&apos;\u00e9cole.\"><\/object><a id=\"wp-block-file--media-2fdac1f3-954f-4f50-bd89-6eed97efa972\" href=\"https:\/\/feministes.minesparis.psl.eu\/wp-content\/uploads\/2024\/07\/Retour-sur-la-rencontre-avec-Leane-Alestra.pdf\">Article paru dans le journal \u00e9tudiant de l&rsquo;\u00e9cole<\/a><a href=\"https:\/\/feministes.minesparis.psl.eu\/wp-content\/uploads\/2024\/07\/Retour-sur-la-rencontre-avec-Leane-Alestra.pdf\" class=\"wp-block-file__button wp-element-button\" download aria-describedby=\"wp-block-file--media-2fdac1f3-954f-4f50-bd89-6eed97efa972\">T\u00e9l\u00e9charger<\/a><\/div>\n\n\n\n<h2 class=\"wp-block-heading\">Projection d&rsquo;un film en FAO (18 juin)<\/h2>\n\n\n\n<p>Le p\u00f4le terrain a projet\u00e9 en FAO le film <em>Mustang <\/em>de Deniz Gamze Erg\u00fcven, datant de 2015 et qui pr\u00e9sente le combat, le courage et la sororit\u00e9 de cinq s\u0153urs turques face aux fortes contraintes de la soci\u00e9t\u00e9 patriarcale dans laquelle elles sont enferm\u00e9es. C&rsquo;est un tr\u00e8s beau film qui a beaucoup plu \u00e0 la trentaine de mineurs qui sont venus. Les cupcakes &#8211; inspir\u00e9s de ceux d&rsquo;Amy dans Sex Education pour celleux qui connaissent &#8211; que le p\u00f4le avait pr\u00e9par\u00e9 pour la fin du film ont permis un temps d&rsquo;\u00e9change tr\u00e8s int\u00e9ressant sur le film&nbsp;: certains s&rsquo;expliquaient des passages du film, d&rsquo;autres discutaient de cin\u00e9ma en g\u00e9n\u00e9ral, ou bien de f\u00e9minisme. C&rsquo;est exactement ce qu&rsquo;esp\u00e9raient les membres de&nbsp;F\u00e9MINistes&nbsp;!<\/p>\n\n\n\n<figure class=\"wp-block-image size-large\"><img loading=\"lazy\" decoding=\"async\" width=\"1024\" height=\"576\" src=\"https:\/\/feministes.minesparis.psl.eu\/wp-content\/uploads\/2024\/08\/WhatsApp-Image-2024-07-04-a-11.47.59_09fdde5c-1-1024x576.jpg\" alt=\"\" class=\"wp-image-287\" srcset=\"https:\/\/feministes.minesparis.psl.eu\/wp-content\/uploads\/2024\/08\/WhatsApp-Image-2024-07-04-a-11.47.59_09fdde5c-1-1024x576.jpg 1024w, https:\/\/feministes.minesparis.psl.eu\/wp-content\/uploads\/2024\/08\/WhatsApp-Image-2024-07-04-a-11.47.59_09fdde5c-1-300x169.jpg 300w, https:\/\/feministes.minesparis.psl.eu\/wp-content\/uploads\/2024\/08\/WhatsApp-Image-2024-07-04-a-11.47.59_09fdde5c-1-768x432.jpg 768w, https:\/\/feministes.minesparis.psl.eu\/wp-content\/uploads\/2024\/08\/WhatsApp-Image-2024-07-04-a-11.47.59_09fdde5c-1-1536x864.jpg 1536w, https:\/\/feministes.minesparis.psl.eu\/wp-content\/uploads\/2024\/08\/WhatsApp-Image-2024-07-04-a-11.47.59_09fdde5c-1.jpg 2040w\" sizes=\"auto, (max-width: 1024px) 100vw, 1024px\" \/><figcaption class=\"wp-element-caption\">Photo : Jules Imbert<\/figcaption><\/figure>\n\n\n\n<figure class=\"wp-block-image size-large\"><img loading=\"lazy\" decoding=\"async\" width=\"1500\" height=\"844\" src=\"https:\/\/feministes.minesparis.psl.eu\/wp-content\/uploads\/2024\/08\/WhatsApp-Image-2024-07-04-a-11.47.58_5a7b0baf-edited.jpg\" alt=\"\" class=\"wp-image-288\" srcset=\"https:\/\/feministes.minesparis.psl.eu\/wp-content\/uploads\/2024\/08\/WhatsApp-Image-2024-07-04-a-11.47.58_5a7b0baf-edited.jpg 1500w, https:\/\/feministes.minesparis.psl.eu\/wp-content\/uploads\/2024\/08\/WhatsApp-Image-2024-07-04-a-11.47.58_5a7b0baf-edited-300x169.jpg 300w, https:\/\/feministes.minesparis.psl.eu\/wp-content\/uploads\/2024\/08\/WhatsApp-Image-2024-07-04-a-11.47.58_5a7b0baf-edited-1024x576.jpg 1024w, https:\/\/feministes.minesparis.psl.eu\/wp-content\/uploads\/2024\/08\/WhatsApp-Image-2024-07-04-a-11.47.58_5a7b0baf-edited-768x432.jpg 768w\" sizes=\"auto, (max-width: 1500px) 100vw, 1500px\" \/><figcaption class=\"wp-element-caption\">Photo : Marianne Pinault<\/figcaption><\/figure>\n\n\n\n<h2 class=\"wp-block-heading\">Exposition \u00ab&nbsp;Lib\u00e9rons la parole&nbsp;!&nbsp;\u00bb (21 juin)<\/h2>\n\n\n\n<p>La semaine s&rsquo;est conclue par une apr\u00e8s-midi f\u00e9ministe au sein de l&rsquo;\u00e9cole. Outre l&rsquo;exposition organis\u00e9e selon la th\u00e9matique d\u00e9noncer-t\u00e9moigner-lutter, des activit\u00e9s cr\u00e9atives ainsi qu&rsquo;un Quizz f\u00e9ministe ont \u00e9t\u00e9 propos\u00e9s, le tout ponctu\u00e9 par de la musique gr\u00e2ce \u00e0 une sc\u00e8ne ouverte du BDA et un buffet.<\/p>\n\n\n\n<p>L&rsquo;exposition comportaient plusieurs parties&nbsp;:<\/p>\n\n\n\n<ul class=\"wp-block-list\">\n<li>Des \u0153uvres d&rsquo;art r\u00e9alis\u00e9es lors de soir\u00e9es cr\u00e9atives <\/li>\n\n\n\n<li>\u00ab&nbsp;Vies de femmes \u00e0 la Mine&nbsp;\u00bb, rassemblant divers t\u00e9moignages d&rsquo;\u00e9tudiant\u00b7e\u00b7s de l&rsquo;\u00e9cole, par le p\u00f4le terrain<\/li>\n\n\n\n<li>\u00ab&nbsp;Femmes artistes&nbsp;\u00bb, une mise en lumi\u00e8re des femmes artistes c\u00e9l\u00e8bres, par le p\u00f4le com<\/li>\n<\/ul>\n\n\n\n<h3 class=\"wp-block-heading\">Revivre l&rsquo;exposition<\/h3>\n\n\n\n<div data-wp-interactive=\"core\/file\" class=\"wp-block-file\"><object data-wp-bind--hidden=\"!state.hasPdfPreview\" hidden class=\"wp-block-file__embed\" data=\"https:\/\/feministes.minesparis.psl.eu\/wp-content\/uploads\/2024\/07\/feministes.pdf\" type=\"application\/pdf\" style=\"width:100%;height:460px\" aria-label=\"Contenu embarqu\u00e9 Vies de femmes \u00e0 la Mine.\"><\/object><a id=\"wp-block-file--media-f73aad3a-2c78-4345-8c75-36437f1756c1\" href=\"https:\/\/feministes.minesparis.psl.eu\/wp-content\/uploads\/2024\/07\/feministes.pdf\">Vies de femmes \u00e0 la Mine<\/a><a href=\"https:\/\/feministes.minesparis.psl.eu\/wp-content\/uploads\/2024\/07\/feministes.pdf\" class=\"wp-block-file__button wp-element-button\" download aria-describedby=\"wp-block-file--media-f73aad3a-2c78-4345-8c75-36437f1756c1\">T\u00e9l\u00e9charger<\/a><\/div>\n\n\n\n<div data-wp-interactive=\"core\/file\" class=\"wp-block-file\"><object data-wp-bind--hidden=\"!state.hasPdfPreview\" hidden class=\"wp-block-file__embed\" data=\"https:\/\/feministes.minesparis.psl.eu\/wp-content\/uploads\/2024\/07\/expo_complete.pdf\" type=\"application\/pdf\" style=\"width:100%;height:710px\" aria-label=\"Contenu embarqu\u00e9 Femmes artistes.\"><\/object><a id=\"wp-block-file--media-8baca943-c530-4212-aeee-8046949f3a66\" href=\"https:\/\/feministes.minesparis.psl.eu\/wp-content\/uploads\/2024\/07\/expo_complete.pdf\">Femmes artistes<\/a><a href=\"https:\/\/feministes.minesparis.psl.eu\/wp-content\/uploads\/2024\/07\/expo_complete.pdf\" class=\"wp-block-file__button wp-element-button\" download aria-describedby=\"wp-block-file--media-8baca943-c530-4212-aeee-8046949f3a66\">T\u00e9l\u00e9charger<\/a><\/div>\n\n\n\n<h3 class=\"wp-block-heading\">Photos de l&rsquo;apr\u00e8s-midi<\/h3>\n\n\n\nngg_shortcode_0_placeholder\n\n\n\n<p>Merci \u00e0 M\u00e9diaMines, l&rsquo;association audiovisuelle de l&rsquo;\u00e9cole, d&rsquo;avoir couvert cet \u00e9v\u00e9nement&nbsp;!<\/p>\n\n\n\n<div class=\"wp-block-columns is-layout-flex wp-container-core-columns-is-layout-28f84493 wp-block-columns-is-layout-flex\">\n<div class=\"wp-block-column is-layout-flow wp-block-column-is-layout-flow\"><\/div>\n<\/div>\n","protected":false},"excerpt":{"rendered":"<p>\u00c9changes avec L\u00e9ane Alestra (17 juin) F\u00e9ministe, autrice de l\u2019essai \u00ab&nbsp;Les Hommes h\u00e9t\u00e9ros le sont-ils vraiment&nbsp;?&nbsp;\u00bb, cr\u00e9atrice du m\u00e9dia et podcast&nbsp;M\u00e9cr\u00e9antes et journaliste pour Manifesto XXI, c&rsquo;est une femme engag\u00e9e et sp\u00e9cialiste des questions de genre et des masculinit\u00e9s. En partenariat avec PIM, l&rsquo;association Queer de l&rsquo;\u00e9cole, F\u00e9ministes ! a propos\u00e9 aux \u00e9tudiant\u00b7e\u00b7s de la [&hellip;]<\/p>\n","protected":false},"author":2,"featured_media":199,"parent":150,"menu_order":0,"comment_status":"closed","ping_status":"closed","template":"","meta":{"ngg_post_thumbnail":0,"footnotes":""},"class_list":["post-152","page","type-page","status-publish","has-post-thumbnail","hentry"],"yoast_head":"<!-- This site is optimized with the Yoast SEO plugin v24.6 - https:\/\/yoast.com\/wordpress\/plugins\/seo\/ -->\n<title>Semaine f\u00e9ministe - F\u00e9MINistes!<\/title>\n<meta name=\"robots\" content=\"index, follow, max-snippet:-1, max-image-preview:large, max-video-preview:-1\" \/>\n<link rel=\"canonical\" href=\"https:\/\/feministes.minesparis.psl.eu\/index.php\/les-grands-projets\/semaine-feministes\/\" \/>\n<meta property=\"og:locale\" content=\"fr_FR\" \/>\n<meta property=\"og:type\" content=\"article\" \/>\n<meta property=\"og:title\" content=\"Semaine f\u00e9ministe - F\u00e9MINistes!\" \/>\n<meta property=\"og:description\" content=\"\u00c9changes avec L\u00e9ane Alestra (17 juin) F\u00e9ministe, autrice de l\u2019essai \u00ab&nbsp;Les Hommes h\u00e9t\u00e9ros le sont-ils vraiment&nbsp;?&nbsp;\u00bb, cr\u00e9atrice du m\u00e9dia et podcast&nbsp;M\u00e9cr\u00e9antes et journaliste pour Manifesto XXI, c&rsquo;est une femme engag\u00e9e et sp\u00e9cialiste des questions de genre et des masculinit\u00e9s. En partenariat avec PIM, l&rsquo;association Queer de l&rsquo;\u00e9cole, F\u00e9ministes ! a propos\u00e9 aux \u00e9tudiant\u00b7e\u00b7s de la [&hellip;]\" \/>\n<meta property=\"og:url\" content=\"https:\/\/feministes.minesparis.psl.eu\/index.php\/les-grands-projets\/semaine-feministes\/\" \/>\n<meta property=\"og:site_name\" content=\"F\u00e9MINistes!\" \/>\n<meta property=\"article:modified_time\" content=\"2024-09-01T07:17:08+00:00\" \/>\n<meta property=\"og:image\" content=\"https:\/\/feministes.minesparis.psl.eu\/wp-content\/uploads\/2024\/07\/Expo_feministe_Timon-12-scaled.jpg\" \/>\n\t<meta property=\"og:image:width\" content=\"2560\" \/>\n\t<meta property=\"og:image:height\" content=\"1707\" \/>\n\t<meta property=\"og:image:type\" content=\"image\/jpeg\" \/>\n<meta name=\"twitter:card\" content=\"summary_large_image\" \/>\n<meta name=\"twitter:label1\" content=\"Dur\u00e9e de lecture estim\u00e9e\" \/>\n\t<meta name=\"twitter:data1\" content=\"3 minutes\" \/>\n<script type=\"application\/ld+json\" class=\"yoast-schema-graph\">{\"@context\":\"https:\/\/schema.org\",\"@graph\":[{\"@type\":\"WebPage\",\"@id\":\"https:\/\/feministes.minesparis.psl.eu\/index.php\/les-grands-projets\/semaine-feministes\/\",\"url\":\"https:\/\/feministes.minesparis.psl.eu\/index.php\/les-grands-projets\/semaine-feministes\/\",\"name\":\"Semaine f\u00e9ministe - F\u00e9MINistes!\",\"isPartOf\":{\"@id\":\"https:\/\/feministes.minesparis.psl.eu\/#website\"},\"primaryImageOfPage\":{\"@id\":\"https:\/\/feministes.minesparis.psl.eu\/index.php\/les-grands-projets\/semaine-feministes\/#primaryimage\"},\"image\":{\"@id\":\"https:\/\/feministes.minesparis.psl.eu\/index.php\/les-grands-projets\/semaine-feministes\/#primaryimage\"},\"thumbnailUrl\":\"https:\/\/feministes.minesparis.psl.eu\/wp-content\/uploads\/2024\/07\/Expo_feministe_Timon-12-scaled.jpg\",\"datePublished\":\"2024-07-23T08:16:19+00:00\",\"dateModified\":\"2024-09-01T07:17:08+00:00\",\"breadcrumb\":{\"@id\":\"https:\/\/feministes.minesparis.psl.eu\/index.php\/les-grands-projets\/semaine-feministes\/#breadcrumb\"},\"inLanguage\":\"fr-FR\",\"potentialAction\":[{\"@type\":\"ReadAction\",\"target\":[\"https:\/\/feministes.minesparis.psl.eu\/index.php\/les-grands-projets\/semaine-feministes\/\"]}]},{\"@type\":\"ImageObject\",\"inLanguage\":\"fr-FR\",\"@id\":\"https:\/\/feministes.minesparis.psl.eu\/index.php\/les-grands-projets\/semaine-feministes\/#primaryimage\",\"url\":\"https:\/\/feministes.minesparis.psl.eu\/wp-content\/uploads\/2024\/07\/Expo_feministe_Timon-12-scaled.jpg\",\"contentUrl\":\"https:\/\/feministes.minesparis.psl.eu\/wp-content\/uploads\/2024\/07\/Expo_feministe_Timon-12-scaled.jpg\",\"width\":2560,\"height\":1707},{\"@type\":\"BreadcrumbList\",\"@id\":\"https:\/\/feministes.minesparis.psl.eu\/index.php\/les-grands-projets\/semaine-feministes\/#breadcrumb\",\"itemListElement\":[{\"@type\":\"ListItem\",\"position\":1,\"name\":\"Accueil\",\"item\":\"https:\/\/feministes.minesparis.psl.eu\/\"},{\"@type\":\"ListItem\",\"position\":2,\"name\":\"Les grands projets\",\"item\":\"https:\/\/feministes.minesparis.psl.eu\/index.php\/les-grands-projets\/\"},{\"@type\":\"ListItem\",\"position\":3,\"name\":\"Semaine f\u00e9ministe\"}]},{\"@type\":\"WebSite\",\"@id\":\"https:\/\/feministes.minesparis.psl.eu\/#website\",\"url\":\"https:\/\/feministes.minesparis.psl.eu\/\",\"name\":\"F\u00e9ministes !\",\"description\":\"L&#039;association f\u00e9ministe de Mines Paris - PSL\",\"publisher\":{\"@id\":\"https:\/\/feministes.minesparis.psl.eu\/#organization\"},\"potentialAction\":[{\"@type\":\"SearchAction\",\"target\":{\"@type\":\"EntryPoint\",\"urlTemplate\":\"https:\/\/feministes.minesparis.psl.eu\/?s={search_term_string}\"},\"query-input\":{\"@type\":\"PropertyValueSpecification\",\"valueRequired\":true,\"valueName\":\"search_term_string\"}}],\"inLanguage\":\"fr-FR\"},{\"@type\":\"Organization\",\"@id\":\"https:\/\/feministes.minesparis.psl.eu\/#organization\",\"name\":\"F\u00e9ministes !\",\"url\":\"https:\/\/feministes.minesparis.psl.eu\/\",\"logo\":{\"@type\":\"ImageObject\",\"inLanguage\":\"fr-FR\",\"@id\":\"https:\/\/feministes.minesparis.psl.eu\/#\/schema\/logo\/image\/\",\"url\":\"https:\/\/feministes.minesparis.psl.eu\/wp-content\/uploads\/2024\/06\/cropped-compresse-2.jpg\",\"contentUrl\":\"https:\/\/feministes.minesparis.psl.eu\/wp-content\/uploads\/2024\/06\/cropped-compresse-2.jpg\",\"width\":249,\"height\":250,\"caption\":\"F\u00e9ministes !\"},\"image\":{\"@id\":\"https:\/\/feministes.minesparis.psl.eu\/#\/schema\/logo\/image\/\"},\"sameAs\":[\"https:\/\/www.instagram.com\/feministes.minesparis\/\"]}]}<\/script>\n<!-- \/ Yoast SEO plugin. -->","yoast_head_json":{"title":"Semaine f\u00e9ministe - F\u00e9MINistes!","robots":{"index":"index","follow":"follow","max-snippet":"max-snippet:-1","max-image-preview":"max-image-preview:large","max-video-preview":"max-video-preview:-1"},"canonical":"https:\/\/feministes.minesparis.psl.eu\/index.php\/les-grands-projets\/semaine-feministes\/","og_locale":"fr_FR","og_type":"article","og_title":"Semaine f\u00e9ministe - F\u00e9MINistes!","og_description":"\u00c9changes avec L\u00e9ane Alestra (17 juin) F\u00e9ministe, autrice de l\u2019essai \u00ab&nbsp;Les Hommes h\u00e9t\u00e9ros le sont-ils vraiment&nbsp;?&nbsp;\u00bb, cr\u00e9atrice du m\u00e9dia et podcast&nbsp;M\u00e9cr\u00e9antes et journaliste pour Manifesto XXI, c&rsquo;est une femme engag\u00e9e et sp\u00e9cialiste des questions de genre et des masculinit\u00e9s. En partenariat avec PIM, l&rsquo;association Queer de l&rsquo;\u00e9cole, F\u00e9ministes ! a propos\u00e9 aux \u00e9tudiant\u00b7e\u00b7s de la [&hellip;]","og_url":"https:\/\/feministes.minesparis.psl.eu\/index.php\/les-grands-projets\/semaine-feministes\/","og_site_name":"F\u00e9MINistes!","article_modified_time":"2024-09-01T07:17:08+00:00","og_image":[{"width":2560,"height":1707,"url":"https:\/\/feministes.minesparis.psl.eu\/wp-content\/uploads\/2024\/07\/Expo_feministe_Timon-12-scaled.jpg","type":"image\/jpeg"}],"twitter_card":"summary_large_image","twitter_misc":{"Dur\u00e9e de lecture estim\u00e9e":"3 minutes"},"schema":{"@context":"https:\/\/schema.org","@graph":[{"@type":"WebPage","@id":"https:\/\/feministes.minesparis.psl.eu\/index.php\/les-grands-projets\/semaine-feministes\/","url":"https:\/\/feministes.minesparis.psl.eu\/index.php\/les-grands-projets\/semaine-feministes\/","name":"Semaine f\u00e9ministe - F\u00e9MINistes!","isPartOf":{"@id":"https:\/\/feministes.minesparis.psl.eu\/#website"},"primaryImageOfPage":{"@id":"https:\/\/feministes.minesparis.psl.eu\/index.php\/les-grands-projets\/semaine-feministes\/#primaryimage"},"image":{"@id":"https:\/\/feministes.minesparis.psl.eu\/index.php\/les-grands-projets\/semaine-feministes\/#primaryimage"},"thumbnailUrl":"https:\/\/feministes.minesparis.psl.eu\/wp-content\/uploads\/2024\/07\/Expo_feministe_Timon-12-scaled.jpg","datePublished":"2024-07-23T08:16:19+00:00","dateModified":"2024-09-01T07:17:08+00:00","breadcrumb":{"@id":"https:\/\/feministes.minesparis.psl.eu\/index.php\/les-grands-projets\/semaine-feministes\/#breadcrumb"},"inLanguage":"fr-FR","potentialAction":[{"@type":"ReadAction","target":["https:\/\/feministes.minesparis.psl.eu\/index.php\/les-grands-projets\/semaine-feministes\/"]}]},{"@type":"ImageObject","inLanguage":"fr-FR","@id":"https:\/\/feministes.minesparis.psl.eu\/index.php\/les-grands-projets\/semaine-feministes\/#primaryimage","url":"https:\/\/feministes.minesparis.psl.eu\/wp-content\/uploads\/2024\/07\/Expo_feministe_Timon-12-scaled.jpg","contentUrl":"https:\/\/feministes.minesparis.psl.eu\/wp-content\/uploads\/2024\/07\/Expo_feministe_Timon-12-scaled.jpg","width":2560,"height":1707},{"@type":"BreadcrumbList","@id":"https:\/\/feministes.minesparis.psl.eu\/index.php\/les-grands-projets\/semaine-feministes\/#breadcrumb","itemListElement":[{"@type":"ListItem","position":1,"name":"Accueil","item":"https:\/\/feministes.minesparis.psl.eu\/"},{"@type":"ListItem","position":2,"name":"Les grands projets","item":"https:\/\/feministes.minesparis.psl.eu\/index.php\/les-grands-projets\/"},{"@type":"ListItem","position":3,"name":"Semaine f\u00e9ministe"}]},{"@type":"WebSite","@id":"https:\/\/feministes.minesparis.psl.eu\/#website","url":"https:\/\/feministes.minesparis.psl.eu\/","name":"F\u00e9ministes !","description":"L&#039;association f\u00e9ministe de Mines Paris - PSL","publisher":{"@id":"https:\/\/feministes.minesparis.psl.eu\/#organization"},"potentialAction":[{"@type":"SearchAction","target":{"@type":"EntryPoint","urlTemplate":"https:\/\/feministes.minesparis.psl.eu\/?s={search_term_string}"},"query-input":{"@type":"PropertyValueSpecification","valueRequired":true,"valueName":"search_term_string"}}],"inLanguage":"fr-FR"},{"@type":"Organization","@id":"https:\/\/feministes.minesparis.psl.eu\/#organization","name":"F\u00e9ministes !","url":"https:\/\/feministes.minesparis.psl.eu\/","logo":{"@type":"ImageObject","inLanguage":"fr-FR","@id":"https:\/\/feministes.minesparis.psl.eu\/#\/schema\/logo\/image\/","url":"https:\/\/feministes.minesparis.psl.eu\/wp-content\/uploads\/2024\/06\/cropped-compresse-2.jpg","contentUrl":"https:\/\/feministes.minesparis.psl.eu\/wp-content\/uploads\/2024\/06\/cropped-compresse-2.jpg","width":249,"height":250,"caption":"F\u00e9ministes !"},"image":{"@id":"https:\/\/feministes.minesparis.psl.eu\/#\/schema\/logo\/image\/"},"sameAs":["https:\/\/www.instagram.com\/feministes.minesparis\/"]}]}},"_links":{"self":[{"href":"https:\/\/feministes.minesparis.psl.eu\/index.php\/wp-json\/wp\/v2\/pages\/152","targetHints":{"allow":["GET"]}}],"collection":[{"href":"https:\/\/feministes.minesparis.psl.eu\/index.php\/wp-json\/wp\/v2\/pages"}],"about":[{"href":"https:\/\/feministes.minesparis.psl.eu\/index.php\/wp-json\/wp\/v2\/types\/page"}],"author":[{"embeddable":true,"href":"https:\/\/feministes.minesparis.psl.eu\/index.php\/wp-json\/wp\/v2\/users\/2"}],"replies":[{"embeddable":true,"href":"https:\/\/feministes.minesparis.psl.eu\/index.php\/wp-json\/wp\/v2\/comments?post=152"}],"version-history":[{"count":21,"href":"https:\/\/feministes.minesparis.psl.eu\/index.php\/wp-json\/wp\/v2\/pages\/152\/revisions"}],"predecessor-version":[{"id":462,"href":"https:\/\/feministes.minesparis.psl.eu\/index.php\/wp-json\/wp\/v2\/pages\/152\/revisions\/462"}],"up":[{"embeddable":true,"href":"https:\/\/feministes.minesparis.psl.eu\/index.php\/wp-json\/wp\/v2\/pages\/150"}],"wp:featuredmedia":[{"embeddable":true,"href":"https:\/\/feministes.minesparis.psl.eu\/index.php\/wp-json\/wp\/v2\/media\/199"}],"wp:attachment":[{"href":"https:\/\/feministes.minesparis.psl.eu\/index.php\/wp-json\/wp\/v2\/media?parent=152"}],"curies":[{"name":"wp","href":"https:\/\/api.w.org\/{rel}","templated":true}]}}